{"id":3,"date":"2022-11-10T15:42:34","date_gmt":"2022-11-10T15:42:34","guid":{"rendered":"https:\/\/debransaricaldura.ro\/?page_id=3"},"modified":"2026-04-02T18:15:10","modified_gmt":"2026-04-02T15:15:10","slug":"privacy-policy","status":"publish","type":"page","link":"https:\/\/debransariradet.ro\/index.php\/privacy-policy\/","title":{"rendered":"Politic\u0103 de confiden\u021bialitate GDPR"},"content":{"rendered":"\n<h5 class=\"wp-block-heading\">Aceast\u0103 politic\u0103 de confiden\u021bialitate descrie modul \u00een care sunt colectate, utilizate \u0219i protejate datele cu caracter personal ale utilizatorilor site-ului <strong><a href=\"https:\/\/debransariradet.ro\/\">https:\/\/debransariradet.ro\/<\/a><\/strong>.<\/h5>\n\n\n\n<p>Operatorul datelor cu caracter personal este:<br><strong>INTERLINKS SERVICES SRL<\/strong><br>RO<strong>44766850<\/strong><br><strong>Str. Horia 9 CAM. 3 Cod 145100<\/strong>, Loc. Rosiori De Vede<br><strong>Email:<\/strong> office@debransariradet.ro<br><strong>Telefon:<\/strong> 0737378404<\/p>\n\n\n\n<hr class=\"wp-block-separator has-alpha-channel-opacity\"\/>\n\n\n\n<h2 class=\"wp-block-heading\">2. Ce date colect\u0103m<\/h2>\n\n\n\n<p>Prin intermediul site-ului, putem colecta urm\u0103toarele date:<\/p>\n\n\n\n<ul class=\"wp-block-list\">\n<li>Nume \u0219i prenume<\/li>\n\n\n\n<li>Num\u0103r de telefon<\/li>\n\n\n\n<li>Adres\u0103 de email<\/li>\n\n\n\n<li>Adres\u0103 imobil (dac\u0103 este necesar\u0103 pentru ofert\u0103)<\/li>\n\n\n\n<li>Mesajele transmise prin formulare<\/li>\n\n\n\n<li>Aceste date sunt colectate \u00een special pentru:<\/li>\n\n\n\n<li>solicit\u0103ri de ofert\u0103<\/li>\n\n\n\n<li>\u00eentocmirea documenta\u021biilor de debran\u0219are<\/li>\n\n\n\n<li>comunicarea cu clien\u021bii<\/li>\n<\/ul>\n\n\n\n<hr class=\"wp-block-separator has-alpha-channel-opacity\"\/>\n\n\n\n<h2 class=\"wp-block-heading\">3. Scopul prelucr\u0103rii datelor<\/h2>\n\n\n\n<p>Datele personale sunt prelucrate \u00een urm\u0103toarele scopuri:<\/p>\n\n\n\n<ul class=\"wp-block-list\">\n<li>furnizarea serviciilor solicitate (ex: proiect de debran\u0219are, consultan\u021b\u0103)<\/li>\n\n\n\n<li>contactarea utilizatorilor<\/li>\n\n\n\n<li>transmiterea ofertelor<\/li>\n\n\n\n<li>respectarea obliga\u021biilor legale<\/li>\n<\/ul>\n\n\n\n<hr class=\"wp-block-separator has-alpha-channel-opacity\"\/>\n\n\n\n<h2 class=\"wp-block-heading\">4. Temeiul legal al prelucr\u0103rii<\/h2>\n\n\n\n<p>Prelucrarea datelor se realizeaz\u0103 \u00een baza:<\/p>\n\n\n\n<ul class=\"wp-block-list\">\n<li>consim\u021b\u0103m\u00e2ntului utilizatorului (art. 6 alin. 1 lit. a GDPR)<\/li>\n\n\n\n<li>execut\u0103rii unui contract sau demersuri precontractuale<\/li>\n\n\n\n<li>obliga\u021biilor legale (ex: legisla\u021bia privind energia termic\u0103 \u2013 Legea nr. 325\/2006)<\/li>\n<\/ul>\n\n\n\n<hr class=\"wp-block-separator has-alpha-channel-opacity\"\/>\n\n\n\n<h2 class=\"wp-block-heading\">5. C\u00e2t timp p\u0103str\u0103m datele<\/h2>\n\n\n\n<p>Datele sunt p\u0103strate:<\/p>\n\n\n\n<p>p\u00e2n\u0103 la retragerea consim\u021b\u0103m\u00e2ntului (unde este cazul)<\/p>\n\n\n\n<p>pe durata necesar\u0103 furniz\u0103rii serviciilor<\/p>\n\n\n\n<p>conform obliga\u021biilor legale (contabilitate, arhivare)<\/p>\n","protected":false},"excerpt":{"rendered":"<p>Aceast\u0103 politic\u0103 de confiden\u021bialitate descrie modul \u00een care sunt colectate, utilizate \u0219i protejate datele cu caracter personal ale utilizatorilor site-ului https:\/\/debransariradet.ro\/. Operatorul datelor cu caracter personal este:INTERLINKS SERVICES SRLRO44766850Str. Horia 9 CAM. 3 Cod 145100, Loc. Rosiori De VedeEmail: office@debransariradet.roTelefon: 0737378404 2. Ce date colect\u0103m Prin intermediul site-ului, putem colecta urm\u0103toarele date: 3. Scopul prelucr\u0103rii [&hellip;]<\/p>\n","protected":false},"author":1,"featured_media":0,"parent":0,"menu_order":0,"comment_status":"closed","ping_status":"open","template":"","meta":{"footnotes":""},"class_list":["post-3","page","type-page","status-publish","hentry"],"yoast_head":"<!-- This site is optimized with the Yoast SEO plugin v26.7 - https:\/\/yoast.com\/wordpress\/plugins\/seo\/ -->\n<title>Politic\u0103 de confiden\u021bialitate GDPR - Debransari Caldura<\/title>\n<meta name=\"robots\" content=\"index, follow, max-snippet:-1, max-image-preview:large, max-video-preview:-1\" \/>\n<link rel=\"canonical\" href=\"https:\/\/debransariradet.ro\/index.php\/privacy-policy\/\" \/>\n<meta property=\"og:locale\" content=\"en_US\" \/>\n<meta property=\"og:type\" content=\"article\" \/>\n<meta property=\"og:title\" content=\"Politic\u0103 de confiden\u021bialitate GDPR - Debransari Caldura\" \/>\n<meta property=\"og:description\" content=\"Aceast\u0103 politic\u0103 de confiden\u021bialitate descrie modul \u00een care sunt colectate, utilizate \u0219i protejate datele cu caracter personal ale utilizatorilor site-ului https:\/\/debransariradet.ro\/. Operatorul datelor cu caracter personal este:INTERLINKS SERVICES SRLRO44766850Str. Horia 9 CAM. 3 Cod 145100, Loc. Rosiori De VedeEmail: office@debransariradet.roTelefon: 0737378404 2. Ce date colect\u0103m Prin intermediul site-ului, putem colecta urm\u0103toarele date: 3. Scopul prelucr\u0103rii [&hellip;]\" \/>\n<meta property=\"og:url\" content=\"https:\/\/debransariradet.ro\/index.php\/privacy-policy\/\" \/>\n<meta property=\"og:site_name\" content=\"Debransari Caldura\" \/>\n<meta property=\"article:modified_time\" content=\"2026-04-02T15:15:10+00:00\" \/>\n<meta name=\"twitter:card\" content=\"summary_large_image\" \/>\n<meta name=\"twitter:label1\" content=\"Est. reading time\" \/>\n\t<meta name=\"twitter:data1\" content=\"1 minute\" \/>\n<script type=\"application\/ld+json\" class=\"yoast-schema-graph\">{\"@context\":\"https:\/\/schema.org\",\"@graph\":[{\"@type\":\"WebPage\",\"@id\":\"https:\/\/debransariradet.ro\/index.php\/privacy-policy\/\",\"url\":\"https:\/\/debransariradet.ro\/index.php\/privacy-policy\/\",\"name\":\"Politic\u0103 de confiden\u021bialitate GDPR - Debransari Caldura\",\"isPartOf\":{\"@id\":\"https:\/\/debransariradet.ro\/#website\"},\"datePublished\":\"2022-11-10T15:42:34+00:00\",\"dateModified\":\"2026-04-02T15:15:10+00:00\",\"breadcrumb\":{\"@id\":\"https:\/\/debransariradet.ro\/index.php\/privacy-policy\/#breadcrumb\"},\"inLanguage\":\"en-US\",\"potentialAction\":[{\"@type\":\"ReadAction\",\"target\":[\"https:\/\/debransariradet.ro\/index.php\/privacy-policy\/\"]}]},{\"@type\":\"BreadcrumbList\",\"@id\":\"https:\/\/debransariradet.ro\/index.php\/privacy-policy\/#breadcrumb\",\"itemListElement\":[{\"@type\":\"ListItem\",\"position\":1,\"name\":\"Prima pagin\u0103\",\"item\":\"https:\/\/debransariradet.ro\/\"},{\"@type\":\"ListItem\",\"position\":2,\"name\":\"Politic\u0103 de confiden\u021bialitate GDPR\"}]},{\"@type\":\"WebSite\",\"@id\":\"https:\/\/debransariradet.ro\/#website\",\"url\":\"https:\/\/debransariradet.ro\/\",\"name\":\"Debransari Caldura\",\"description\":\"\",\"potentialAction\":[{\"@type\":\"SearchAction\",\"target\":{\"@type\":\"EntryPoint\",\"urlTemplate\":\"https:\/\/debransariradet.ro\/?s={search_term_string}\"},\"query-input\":{\"@type\":\"PropertyValueSpecification\",\"valueRequired\":true,\"valueName\":\"search_term_string\"}}],\"inLanguage\":\"en-US\"}]}<\/script>\n<!-- \/ Yoast SEO plugin. -->","yoast_head_json":{"title":"Politic\u0103 de confiden\u021bialitate GDPR - Debransari Caldura","robots":{"index":"index","follow":"follow","max-snippet":"max-snippet:-1","max-image-preview":"max-image-preview:large","max-video-preview":"max-video-preview:-1"},"canonical":"https:\/\/debransariradet.ro\/index.php\/privacy-policy\/","og_locale":"en_US","og_type":"article","og_title":"Politic\u0103 de confiden\u021bialitate GDPR - Debransari Caldura","og_description":"Aceast\u0103 politic\u0103 de confiden\u021bialitate descrie modul \u00een care sunt colectate, utilizate \u0219i protejate datele cu caracter personal ale utilizatorilor site-ului https:\/\/debransariradet.ro\/. Operatorul datelor cu caracter personal este:INTERLINKS SERVICES SRLRO44766850Str. Horia 9 CAM. 3 Cod 145100, Loc. Rosiori De VedeEmail: office@debransariradet.roTelefon: 0737378404 2. Ce date colect\u0103m Prin intermediul site-ului, putem colecta urm\u0103toarele date: 3. Scopul prelucr\u0103rii [&hellip;]","og_url":"https:\/\/debransariradet.ro\/index.php\/privacy-policy\/","og_site_name":"Debransari Caldura","article_modified_time":"2026-04-02T15:15:10+00:00","twitter_card":"summary_large_image","twitter_misc":{"Est. reading time":"1 minute"},"schema":{"@context":"https:\/\/schema.org","@graph":[{"@type":"WebPage","@id":"https:\/\/debransariradet.ro\/index.php\/privacy-policy\/","url":"https:\/\/debransariradet.ro\/index.php\/privacy-policy\/","name":"Politic\u0103 de confiden\u021bialitate GDPR - Debransari Caldura","isPartOf":{"@id":"https:\/\/debransariradet.ro\/#website"},"datePublished":"2022-11-10T15:42:34+00:00","dateModified":"2026-04-02T15:15:10+00:00","breadcrumb":{"@id":"https:\/\/debransariradet.ro\/index.php\/privacy-policy\/#breadcrumb"},"inLanguage":"en-US","potentialAction":[{"@type":"ReadAction","target":["https:\/\/debransariradet.ro\/index.php\/privacy-policy\/"]}]},{"@type":"BreadcrumbList","@id":"https:\/\/debransariradet.ro\/index.php\/privacy-policy\/#breadcrumb","itemListElement":[{"@type":"ListItem","position":1,"name":"Prima pagin\u0103","item":"https:\/\/debransariradet.ro\/"},{"@type":"ListItem","position":2,"name":"Politic\u0103 de confiden\u021bialitate GDPR"}]},{"@type":"WebSite","@id":"https:\/\/debransariradet.ro\/#website","url":"https:\/\/debransariradet.ro\/","name":"Debransari Caldura","description":"","potentialAction":[{"@type":"SearchAction","target":{"@type":"EntryPoint","urlTemplate":"https:\/\/debransariradet.ro\/?s={search_term_string}"},"query-input":{"@type":"PropertyValueSpecification","valueRequired":true,"valueName":"search_term_string"}}],"inLanguage":"en-US"}]}},"_links":{"self":[{"href":"https:\/\/debransariradet.ro\/index.php\/wp-json\/wp\/v2\/pages\/3","targetHints":{"allow":["GET"]}}],"collection":[{"href":"https:\/\/debransariradet.ro\/index.php\/wp-json\/wp\/v2\/pages"}],"about":[{"href":"https:\/\/debransariradet.ro\/index.php\/wp-json\/wp\/v2\/types\/page"}],"author":[{"embeddable":true,"href":"https:\/\/debransariradet.ro\/index.php\/wp-json\/wp\/v2\/users\/1"}],"replies":[{"embeddable":true,"href":"https:\/\/debransariradet.ro\/index.php\/wp-json\/wp\/v2\/comments?post=3"}],"version-history":[{"count":2,"href":"https:\/\/debransariradet.ro\/index.php\/wp-json\/wp\/v2\/pages\/3\/revisions"}],"predecessor-version":[{"id":1702,"href":"https:\/\/debransariradet.ro\/index.php\/wp-json\/wp\/v2\/pages\/3\/revisions\/1702"}],"wp:attachment":[{"href":"https:\/\/debransariradet.ro\/index.php\/wp-json\/wp\/v2\/media?parent=3"}],"curies":[{"name":"wp","href":"https:\/\/api.w.org\/{rel}","templated":true}]}}